{"id":23,"date":"2019-02-01T11:51:38","date_gmt":"2019-02-01T10:51:38","guid":{"rendered":"https:\/\/resisteraujourdhui.wordpress.com\/?page_id=23"},"modified":"2022-03-16T21:47:28","modified_gmt":"2022-03-16T20:47:28","slug":"association","status":"publish","type":"page","link":"https:\/\/www.resisteraujourdhui.fr\/?page_id=23","title":{"rendered":"L&rsquo;association"},"content":{"rendered":"\n<p class=\"has-very-dark-gray-color has-cyan-bluish-gray-background-color has-text-color has-background\"><strong>L\u2019association \u2018\u2019R\u00e9sister Aujourd&rsquo;hui\u2019\u2019 a pour but de perp\u00e9tuer la m\u00e9moire de la R\u00e9sistance et de la D\u00e9portation. S&rsquo;inspirant de cette m\u00e9moire, l&rsquo;association m\u00e8ne toutes les actions permettant de promouvoir les Valeurs Humanistes et se montre tr\u00e8s vigilante en d\u00e9non\u00e7ant toutes atteintes aux Droits de l&rsquo;Homme. Elle stigmatise toute apologie renaissante et toute r\u00e9surgence du fascisme, du nazisme, du racisme, de l\u2019antis\u00e9mitisme, de la x\u00e9nophobie, des nationalismes exacerb\u00e9s, de l&rsquo;\u00e9puration ethnique et de toutes les intol\u00e9rances. Elle s&rsquo;oppose r\u00e9solument \u00e0 toute tentative de type n\u00e9gationniste visant \u00e0 d\u00e9naturer les actions, l&rsquo;esprit et les valeurs de la R\u00e9sistance, \u00e0 contester les \u2018\u2019crimes contre l&rsquo;humanit\u00e9\u2019\u2019. Elle d\u00e9fend les int\u00e9r\u00eats moraux et l&rsquo;honneur de la R\u00e9sistance, des R\u00e9sistants et des D\u00e9port\u00e9s. Elle d\u00e9fend les acquis du Conseil National de la R\u00e9sistance L&rsquo;association demeure ind\u00e9pendante de tous Partis et Religions. Y adh\u00e8rent tous ceux qui se sentent h\u00e9ritiers des valeurs de la R\u00e9sistance.<\/strong><\/p>\n\n\n\n<p><strong>Depuis 1994, \u00abR\u00e9sister Aujourd&rsquo;hui\u00bb&nbsp; perp\u00e9tue la m\u00e9moire de la R\u00e9sistance, de la D\u00e9portation et de tous ceux qui ont particip\u00e9 de mani\u00e8re efficace \u00e0 la R\u00e9sistance et \u00e0 la reconstruction d&rsquo;une France solidaire.<\/strong><\/p>\n<ul>\n<li>Nous d\u00e9fendons l\u2019esprit et les valeurs du Programme du Conseil National de la R\u00e9sistance et de la D\u00e9claration Universelle des Droits de l\u2019Homme.<\/li>\n<li>Nous d\u00e9non\u00e7ons les n\u00e9gationnismes ainsi que toutes les r\u00e9surgences du fascisme et du nazisme.<\/li>\n<li>Nous stigmatisons toute apologie du racisme, de la x\u00e9nophobie, des nationalismes exacerb\u00e9s, de l\u2019antis\u00e9mitisme, de l\u2019intol\u00e9rance et de l\u2019\u00e9puration ethnique ou raciale.<\/li>\n<li>Nous nous engageons \u00e0 transmettre aux nouvelles g\u00e9n\u00e9rations la m\u00e9moire v\u00e9cue de nos a\u00een\u00e9s.<\/li>\n<\/ul>\n<p><strong>L\u2019association demeure ind\u00e9pendante de tous Partis et Religions.<\/strong><\/p>\n\n\n\n<p>\u2018\u2019R\u00e9sister Aujourd&rsquo;hui\u2019\u2019&nbsp;a \u00e9t\u00e9 cr\u00e9\u00e9 \u00e0 l\u2019initiative d\u2019anciens R\u00e9sistants et D\u00e9port\u00e9s&nbsp;et port\u00e9e d\u00e8s le d\u00e9part par des enfants de ceux-ci mais aussi par des citoyennes et des citoyens conscients que les m\u00e9canismes qui ont amen\u00e9 au fascisme, au nazisme et \u00e0 toute autre forme totalitaire peuvent s\u2019enclencher \u00e0 tout moment&nbsp;: ces m\u00e9canismes sont connus, des universitaires, des essayistes, des \u00e9conomistes, des politiques qui les ont analys\u00e9s, compar\u00e9s, diss\u00e9qu\u00e9s et tous nous disent aujourd\u2019hui que les conditions sont l\u00e0 pour le grand bond en arri\u00e8re&nbsp;: la crise financi\u00e8re, la mont\u00e9e du ch\u00f4mage, le repli sur soi face aux drames qui se jouent ici et ailleurs, la banalisation des propos racistes et discriminatoires, la mont\u00e9e des extr\u00eames-droites partout autour de nous, en France bien s\u00fbr mais aussi en Belgique, Pays Bas, Hongrie, Su\u00e8de, Finlande, Danemark, Gr\u00e8ce, Autriche, Allemagne, Italie, Pologne, Bulgarie, Royaume Uni\u2026 la liste est longue<\/p>\n\n\n\n<p>Le combat de \u2018\u2019R\u00e9sister Aujourd&rsquo;hui\u2019\u2019: rester vigilant, d\u00e9noncer toutes les d\u00e9rives antir\u00e9publicaines, antid\u00e9mocratiques et susceptibles de ramener au pouvoir des \u00eatres p\u00e9tris de certitudes qui feraient le choix d\u2019ostraciser voire m\u00eame de refouler des hommes, des femmes, des enfants sur des crit\u00e8res pr\u00e9tendument d\u2019utilit\u00e9 publique bas\u00e9e sur la race ou sur la religion.<\/p>\n\n\n\n<p>Le combat de \u2018\u2019R\u00e9sister Aujourd\u2019hui\u2019\u2019 ne s\u2019arr\u00eate pas l\u00e0&nbsp;:<\/p>\n\n\n\n<ul class=\"wp-block-list\"><li>Nous voulons garder l\u2019esprit des membres du \u2018\u2019Conseil National de la R\u00e9sistance\u2019\u2019 c&rsquo;est-\u00e0-dire rassembler autour de nous toutes celles et ceux qui pensent qu\u2019une soci\u00e9t\u00e9 humaniste et solidaire est possible, toutes celles et ceux qui pensent que l\u2019argument des \u00ab&nbsp;tiroirs caisses vides de l\u2019\u00e9tat&nbsp;\u00bb est le plus gros mensonge de l\u2019apr\u00e8s-guerre.<\/li><li>Toutes celles et ceux qui sont capables de travailler ensemble pour un monde o\u00f9 nos valeurs r\u00e9publicaines de Libert\u00e9, d\u2019Egalit\u00e9, de Fraternit\u00e9, de Justice et de La\u00efcit\u00e9 ne seront plus bafou\u00e9es o\u00f9 les droits inali\u00e9nables de tous les \u00eatres humains inscrits dans la D\u00e9claration Universelle des Droits de l\u2019Homme seront respect\u00e9s.<\/li><li>Le concept de R\u00e9sistance n\u2019est ni pass\u00e9iste, ni obsol\u00e8te, nous ne sommes plus envahis par des troupes arm\u00e9es&nbsp;mais il est toujours d\u2019actualit\u00e9 car il s\u2019agit de d\u00e9fendre l\u2019id\u00e9e de l\u2019instauration d\u2019une soci\u00e9t\u00e9 plus humaine et plus sociale inspir\u00e9e par le \u2018\u2019programme du Conseil National de la R\u00e9sistance\u2019\u2019&nbsp;et tant que l\u2019on d\u00e9mant\u00e8lera celui-ci au profit des plus riches en creusant les in\u00e9galit\u00e9s \u00e0 l\u2019extr\u00eame, notre combat continuera.<\/li><li>Marie-Jo Chombart de Lauwe, R\u00e9sistante-D\u00e9port\u00e9e, pr\u00e9sidente de la Fondation pour la M\u00e9moire de la D\u00e9portation, membre de notre Comit\u00e9 de Parrainage disait derni\u00e9rement :<br><\/li><\/ul>\n\n\n\n<blockquote class=\"wp-block-quote is-layout-flow wp-block-quote-is-layout-flow\"><p> \u00ab&nbsp;Je ne veux pas \u00e9tablir de parall\u00e8le avec ce que j&rsquo;ai connu dans les ann\u00e9es trente, mais je vois tout de m\u00eame des signaux d&rsquo;alerte.&nbsp;\u00bb<\/p><\/blockquote>\n\n\n\n<blockquote class=\"wp-block-quote is-layout-flow wp-block-quote-is-layout-flow\"><p>\u00ab&nbsp;Il y aura toujours quelques individus capables de se lever et de modifier le cours des choses.&nbsp;\u00bb<br><\/p><\/blockquote>\n\n\n\n<p>Marie-Jo Chombart de Lauwe est toujours de cette poign\u00e9e.<\/p>\n\n\n\n<p><strong>Soyons nous aussi de ces individus.<\/strong><\/p>\n\n\n\n<p><\/p>\n\n\n\n<h2 class=\"wp-block-heading\">LES MEMBRES DU BUREAU                ET DU CONSEIL D&rsquo;ADMINISTRATION et les statuts<\/h2>\n\n\n\n<figure class=\"wp-block-image is-resized\"><img loading=\"lazy\" decoding=\"async\" src=\"https:\/\/www.resisteraujourdhui.fr\/wp-content\/uploads\/2019\/03\/photo-michel.jpg\" alt=\"\" class=\"wp-image-120\" width=\"335\" height=\"251\" srcset=\"https:\/\/www.resisteraujourdhui.fr\/wp-content\/uploads\/2019\/03\/photo-michel.jpg 640w, https:\/\/www.resisteraujourdhui.fr\/wp-content\/uploads\/2019\/03\/photo-michel-300x225.jpg 300w\" sizes=\"auto, (max-width: 335px) 100vw, 335px\" \/><figcaption> <br><strong>Michel VIAL<\/strong><br><strong>      Pr\u00e9sident Fondateur<\/strong><\/figcaption><\/figure>\n\n\n\n<h3 class=\"wp-block-heading\"><\/h3>\n\n\n\n<figure class=\"wp-block-image is-resized\"><img loading=\"lazy\" decoding=\"async\" src=\"https:\/\/www.resisteraujourdhui.fr\/wp-content\/uploads\/2019\/03\/photo-serge.jpg?w=160\" alt=\"\" class=\"wp-image-122\" width=\"193\" height=\"254\"\/><figcaption> <strong>Serge VIAL  <br> Pr\u00e9sident<\/strong> <\/figcaption><\/figure>\n\n\n\n<figure class=\"wp-block-image\"><img loading=\"lazy\" decoding=\"async\" width=\"400\" height=\"300\" src=\"https:\/\/www.resisteraujourdhui.fr\/wp-content\/uploads\/2019\/03\/memorial-jean-moulin.jpg\" alt=\"\" class=\"wp-image-128\" srcset=\"https:\/\/www.resisteraujourdhui.fr\/wp-content\/uploads\/2019\/03\/memorial-jean-moulin.jpg 400w, https:\/\/www.resisteraujourdhui.fr\/wp-content\/uploads\/2019\/03\/memorial-jean-moulin-300x225.jpg 300w\" sizes=\"auto, (max-width: 400px) 100vw, 400px\" \/><figcaption><br>Alain Espinar<br>Tr\u00e9sorier<br><br>Dani\u00e8le Roulant Secr\u00e9taire<br>Jean-Paul Roulant Secr\u00e9taire Adjoint<br><br><strong>ainsi que les autres membres composant le Conseil d&rsquo;administration Monique Garnerone,<br>Claire Lutrin-Le Pors, Marie-France Cabeza-Marnet, Herv\u00e9 Reboulin et Michel Vial.  <\/strong><\/figcaption><\/figure>\n\n\n\n<div class=\"wp-block-file\"><a id=\"wp-block-file--media-639fd337-d414-409b-b1f5-2c4978cbd320\" href=\"https:\/\/www.resisteraujourdhui.fr\/wp-content\/uploads\/2019\/04\/2018-09-15-statuts.pdf\">2018-09-15-statuts<\/a><a href=\"https:\/\/resisteraujourdhui.files.wordpress.com\/2019\/04\/2018-09-15-statuts.pdf\" class=\"wp-block-file__button\" download aria-describedby=\"wp-block-file--media-639fd337-d414-409b-b1f5-2c4978cbd320\">T\u00e9l\u00e9charger<\/a><\/div>\n\n\n\n<p>Statuts valid\u00e9s le 11 d\u00e9cembre 2020 en AG extraordinaire<\/p>\n\n\n\n<div class=\"wp-block-file\"><a id=\"wp-block-file--media-062241be-5376-4ab0-b1cf-87e1e276911b\" href=\"https:\/\/www.resisteraujourdhui.fr\/wp-content\/uploads\/2021\/01\/2020-12-09-Statuts-modifies.pdf\">2020-12-09-Statuts-modifies<\/a><a href=\"https:\/\/www.resisteraujourdhui.fr\/wp-content\/uploads\/2021\/01\/2020-12-09-Statuts-modifies.pdf\" class=\"wp-block-file__button\" download aria-describedby=\"wp-block-file--media-062241be-5376-4ab0-b1cf-87e1e276911b\">T\u00e9l\u00e9charger<\/a><\/div>\n\n\n\n<p><\/p>\n","protected":false},"excerpt":{"rendered":"<p>L\u2019association a pour but de perp\u00e9tuer la m\u00e9moire de la R\u00e9sistance et de la D\u00e9portation. S\u2019inspirant de cette m\u00e9moire, elle m\u00e8ne toutes les actions permettant de promouvoir les valeurs humanistes et d\u00e9nonce toutes atteintes aux droits de l\u2019Homme.<\/p>\n","protected":false},"author":1,"featured_media":0,"parent":0,"menu_order":0,"comment_status":"closed","ping_status":"closed","template":"","meta":{"footnotes":""},"tags":[],"class_list":["post-23","page","type-page","status-publish","hentry"],"jetpack_sharing_enabled":true,"amp_enabled":true,"_links":{"self":[{"href":"https:\/\/www.resisteraujourdhui.fr\/index.php?rest_route=\/wp\/v2\/pages\/23","targetHints":{"allow":["GET"]}}],"collection":[{"href":"https:\/\/www.resisteraujourdhui.fr\/index.php?rest_route=\/wp\/v2\/pages"}],"about":[{"href":"https:\/\/www.resisteraujourdhui.fr\/index.php?rest_route=\/wp\/v2\/types\/page"}],"author":[{"embeddable":true,"href":"https:\/\/www.resisteraujourdhui.fr\/index.php?rest_route=\/wp\/v2\/users\/1"}],"replies":[{"embeddable":true,"href":"https:\/\/www.resisteraujourdhui.fr\/index.php?rest_route=%2Fwp%2Fv2%2Fcomments&post=23"}],"version-history":[{"count":6,"href":"https:\/\/www.resisteraujourdhui.fr\/index.php?rest_route=\/wp\/v2\/pages\/23\/revisions"}],"predecessor-version":[{"id":884,"href":"https:\/\/www.resisteraujourdhui.fr\/index.php?rest_route=\/wp\/v2\/pages\/23\/revisions\/884"}],"wp:attachment":[{"href":"https:\/\/www.resisteraujourdhui.fr\/index.php?rest_route=%2Fwp%2Fv2%2Fmedia&parent=23"}],"wp:term":[{"taxonomy":"post_tag","embeddable":true,"href":"https:\/\/www.resisteraujourdhui.fr\/index.php?rest_route=%2Fwp%2Fv2%2Ftags&post=23"}],"curies":[{"name":"wp","href":"https:\/\/api.w.org\/{rel}","templated":true}]}}