{"id":147,"date":"2020-08-10T18:10:25","date_gmt":"2020-08-10T16:10:25","guid":{"rendered":"https:\/\/www.resisteraujourdhui.fr\/?page_id=147"},"modified":"2022-07-01T15:28:19","modified_gmt":"2022-07-01T13:28:19","slug":"nos-liens-privilegies","status":"publish","type":"page","link":"https:\/\/www.resisteraujourdhui.fr\/?page_id=147","title":{"rendered":"Nos liens privilegies"},"content":{"rendered":"\n<p><strong>Mus\u00e9e de la R\u00e9sistance en ligne<\/strong><\/p>\n\n\n\n<p><a href=\"http:\/\/museedelaresistanceenligne.org\/\">http:\/\/museedelaresistanceenligne.org\/<\/a><\/p>\n\n\n\n<p><\/p>\n\n\n\n<p><strong>Petit manuel de survie d\u00e9mocratique<\/strong>  <br><a href=\"http:\/\/www.campdesmilles.org\/pour-resister-le-livre.html \">http:\/\/www.campdesmilles.org\/pour-resister-le-livre.html <\/a><\/p>\n\n\n\n<p> <strong>Camp des Milles<\/strong> <a href=\"http:\/\/www.faislepourtoi-resiste.org\">http:\/\/www.faislepourtoi-resiste.org<\/a><\/p>\n\n\n\n<p><strong>Citoyens R\u00e9sistants d&rsquo;Hier et d&rsquo;Aujourd&rsquo;hui<\/strong> <a href=\"http:\/\/www.citoyens-resistants.fr\">http:\/\/www.citoyens-resistants.fr<\/a><\/p>\n\n\n\n<p><strong>Conseil National de la Nouvelle R\u00e9sistance<\/strong> <a href=\"http:\/www.cnnr.fr\">http:\/www.cnnr.fr<\/a><\/p>\n\n\n\n<p><strong>Jean Zay  <\/strong><a href=\"http:\/\/www.jzayenp.fr\/\">http:\/\/www.jzayenp.fr\/<\/a><\/p>\n\n\n\n<p><strong>Fondation de la R\u00e9sistance  <\/strong><a href=\"http:\/\/www.fondationresistance.org\">http:\/\/www.fondationresistance.org<\/a><\/p>\n\n\n\n<p><strong>M\u00e9moire et Espoirs de la R\u00e9sistance  <\/strong><a href=\"http:\/\/www.memoresist.org\/\">http:\/\/www.memoresist.org\/<\/a><\/p>\n\n\n\n<p><strong>Collectif AGIR  <\/strong><a href=\"https:\/\/www.collectifagir.com\/\">https:\/\/www.collectifagir.com\/<\/a><\/p>\n\n\n\n<p><strong>F\u00e9d\u00e9ration Nationale des D\u00e9port\u00e9s et Intern\u00e9s, R\u00e9sistants et Patriotes<\/strong> <strong>  <\/strong><a href=\"http:\/\/www.fndirp.asso.fr\">http:\/\/www.fndirp.asso.fr<\/a><\/p>\n\n\n\n<p><strong>F\u00e9d\u00e9ration pour la M\u00e9moire de la D\u00e9portation  <\/strong><a href=\" http:\/\/www.fmd.asso.fr\"><strong> <\/strong>http:\/\/www.fmd.asso.fr<\/a><\/p>\n\n\n\n<p><\/p>\n","protected":false},"excerpt":{"rendered":"<p>Mus\u00e9e de la R\u00e9sistance en ligne http:\/\/museedelaresistanceenligne.org\/ Petit manuel de survie d\u00e9mocratique http:\/\/www.campdesmilles.org\/pour-resister-le-livre.html Camp des Milles http:\/\/www.faislepourtoi-resiste.org Citoyens R\u00e9sistants d&rsquo;Hier et d&rsquo;Aujourd&rsquo;hui http:\/\/www.citoyens-resistants.fr Conseil National de la Nouvelle R\u00e9sistance http:\/www.cnnr.fr Jean Zay http:\/\/www.jzayenp.fr\/ Fondation de la R\u00e9sistance http:\/\/www.fondationresistance.org M\u00e9moire et Espoirs de la R\u00e9sistance http:\/\/www.memoresist.org\/ Collectif AGIR https:\/\/www.collectifagir.com\/ F\u00e9d\u00e9ration Nationale des D\u00e9port\u00e9s et Intern\u00e9s, R\u00e9sistants<a class=\"more-link\" href=\"https:\/\/www.resisteraujourdhui.fr\/?page_id=147\">Lire la suite de <span class=\"screen-reader-text\">\u00ab\u00a0Nos liens privilegies\u00a0\u00bb<\/span><\/a><\/p>\n","protected":false},"author":1,"featured_media":0,"parent":0,"menu_order":0,"comment_status":"closed","ping_status":"closed","template":"","meta":{"footnotes":""},"tags":[],"class_list":["post-147","page","type-page","status-publish","hentry"],"jetpack_sharing_enabled":true,"amp_enabled":true,"_links":{"self":[{"href":"https:\/\/www.resisteraujourdhui.fr\/index.php?rest_route=\/wp\/v2\/pages\/147","targetHints":{"allow":["GET"]}}],"collection":[{"href":"https:\/\/www.resisteraujourdhui.fr\/index.php?rest_route=\/wp\/v2\/pages"}],"about":[{"href":"https:\/\/www.resisteraujourdhui.fr\/index.php?rest_route=\/wp\/v2\/types\/page"}],"author":[{"embeddable":true,"href":"https:\/\/www.resisteraujourdhui.fr\/index.php?rest_route=\/wp\/v2\/users\/1"}],"replies":[{"embeddable":true,"href":"https:\/\/www.resisteraujourdhui.fr\/index.php?rest_route=%2Fwp%2Fv2%2Fcomments&post=147"}],"version-history":[{"count":4,"href":"https:\/\/www.resisteraujourdhui.fr\/index.php?rest_route=\/wp\/v2\/pages\/147\/revisions"}],"predecessor-version":[{"id":1021,"href":"https:\/\/www.resisteraujourdhui.fr\/index.php?rest_route=\/wp\/v2\/pages\/147\/revisions\/1021"}],"wp:attachment":[{"href":"https:\/\/www.resisteraujourdhui.fr\/index.php?rest_route=%2Fwp%2Fv2%2Fmedia&parent=147"}],"wp:term":[{"taxonomy":"post_tag","embeddable":true,"href":"https:\/\/www.resisteraujourdhui.fr\/index.php?rest_route=%2Fwp%2Fv2%2Ftags&post=147"}],"curies":[{"name":"wp","href":"https:\/\/api.w.org\/{rel}","templated":true}]}}